{"id":893,"date":"2019-06-23T18:40:08","date_gmt":"2019-06-23T15:40:08","guid":{"rendered":"https:\/\/gindi.com\/community\/"},"modified":"2024-12-29T16:45:03","modified_gmt":"2024-12-29T14:45:03","slug":"community","status":"publish","type":"page","link":"https:\/\/gindi.com\/fr\/community\/","title":{"rendered":"\u05d4\u05e7\u05d4\u05d9\u05dc\u05d4"},"content":{"rendered":"","protected":false},"excerpt":{"rendered":"","protected":false},"author":1,"featured_media":0,"parent":0,"menu_order":0,"comment_status":"closed","ping_status":"closed","template":"","meta":{"_acf_changed":false,"inline_featured_image":false,"footnotes":""},"class_list":["post-893","page","type-page","status-publish","hentry"],"acf":[],"yoast_head":"<!-- This site is optimized with the Yoast SEO plugin v27.3 - https:\/\/yoast.com\/product\/yoast-seo-wordpress\/ -->\n<title>Gindi TLV - \u00c0 propos de la communaut\u00e9<\/title>\n<meta name=\"description\" content=\"Ici, vous pouvez lire tout ce qui rend la communaut\u00e9 Gindi TLV sp\u00e9ciale : \u00e9v\u00e9nements communautaires, services pour les membres de la communaut\u00e9 et bien plus encore. Venez lire maintenant !\" \/>\n<meta name=\"robots\" content=\"index, follow, max-snippet:-1, max-image-preview:large, max-video-preview:-1\" \/>\n<link rel=\"canonical\" href=\"https:\/\/gindi.com\/fr\/community\/\" \/>\n<meta property=\"og:locale\" content=\"fr_FR\" \/>\n<meta property=\"og:type\" content=\"article\" \/>\n<meta property=\"og:title\" content=\"Gindi TLV - \u00c0 propos de la communaut\u00e9\" \/>\n<meta property=\"og:description\" content=\"Ici, vous pouvez lire tout ce qui rend la communaut\u00e9 Gindi TLV sp\u00e9ciale : \u00e9v\u00e9nements communautaires, services pour les membres de la communaut\u00e9 et bien plus encore. Venez lire maintenant !\" \/>\n<meta property=\"og:url\" content=\"https:\/\/gindi.com\/fr\/community\/\" \/>\n<meta property=\"og:site_name\" content=\"\u05d2\u05d9\u05e0\u05d3\u05d9 TLV\" \/>\n<meta property=\"article:publisher\" content=\"https:\/\/www.facebook.com\/Gindi.Tel.Aviv\" \/>\n<meta property=\"article:modified_time\" content=\"2024-12-29T14:45:03+00:00\" \/>\n<meta name=\"twitter:card\" content=\"summary_large_image\" \/>\n<script type=\"application\/ld+json\" class=\"yoast-schema-graph\">{\"@context\":\"https:\\\/\\\/schema.org\",\"@graph\":[{\"@type\":\"WebPage\",\"@id\":\"https:\\\/\\\/gindi.com\\\/fr\\\/community\\\/\",\"url\":\"https:\\\/\\\/gindi.com\\\/fr\\\/community\\\/\",\"name\":\"Gindi TLV - \u00c0 propos de la communaut\u00e9\",\"isPartOf\":{\"@id\":\"https:\\\/\\\/gindi.com\\\/fr\\\/#website\"},\"datePublished\":\"2019-06-23T15:40:08+00:00\",\"dateModified\":\"2024-12-29T14:45:03+00:00\",\"description\":\"Ici, vous pouvez lire tout ce qui rend la communaut\u00e9 Gindi TLV sp\u00e9ciale : \u00e9v\u00e9nements communautaires, services pour les membres de la communaut\u00e9 et bien plus encore. Venez lire maintenant !\",\"breadcrumb\":{\"@id\":\"https:\\\/\\\/gindi.com\\\/fr\\\/community\\\/#breadcrumb\"},\"inLanguage\":\"fr-FR\",\"potentialAction\":[{\"@type\":\"ReadAction\",\"target\":[\"https:\\\/\\\/gindi.com\\\/fr\\\/community\\\/\"]}]},{\"@type\":\"BreadcrumbList\",\"@id\":\"https:\\\/\\\/gindi.com\\\/fr\\\/community\\\/#breadcrumb\",\"itemListElement\":[{\"@type\":\"ListItem\",\"position\":1,\"name\":\"\u05d3\u05e3 \u05d4\u05d1\u05d9\u05ea\",\"item\":\"https:\\\/\\\/gindi.com\\\/fr\\\/\"},{\"@type\":\"ListItem\",\"position\":2,\"name\":\"\u05d4\u05e7\u05d4\u05d9\u05dc\u05d4\"}]},{\"@type\":\"WebSite\",\"@id\":\"https:\\\/\\\/gindi.com\\\/fr\\\/#website\",\"url\":\"https:\\\/\\\/gindi.com\\\/fr\\\/\",\"name\":\"\u05d2\u05d9\u05e0\u05d3\u05d9 TLV\",\"description\":\"\u05d7\u05d1\u05e8\u05ea \u05e0\u05d3\u05dc\u05f4\u05df | \u05d7\u05d5\u05d5\u05d9\u05ea \u05de\u05d2\u05d5\u05e8\u05d9\u05dd | \u05e9\u05d9\u05d5\u05d5\u05e7 \u05d5\u05e0\u05d9\u05d4\u05d5\u05dc \u05e4\u05e8\u05d5\u05d9\u05e7\u05d8\u05d9\u05dd | \u05e2\u05d5\u05dc\u05dd \u05d4\u05e0\u05d3\u05dc\u05f4\u05df\",\"publisher\":{\"@id\":\"https:\\\/\\\/gindi.com\\\/fr\\\/#organization\"},\"potentialAction\":[{\"@type\":\"SearchAction\",\"target\":{\"@type\":\"EntryPoint\",\"urlTemplate\":\"https:\\\/\\\/gindi.com\\\/fr\\\/?s={search_term_string}\"},\"query-input\":{\"@type\":\"PropertyValueSpecification\",\"valueRequired\":true,\"valueName\":\"search_term_string\"}}],\"inLanguage\":\"fr-FR\"},{\"@type\":\"Organization\",\"@id\":\"https:\\\/\\\/gindi.com\\\/fr\\\/#organization\",\"name\":\"\u05d2\u05d9\u05e0\u05d3\u05d9 TLV | \u05d2\u05d9\u05e0\u05d3\u05d9 \u05ea\u05dc \u05d0\u05d1\u05d9\u05d1 | \u05e7\u05d1\u05d5\u05e6\u05ea \u05d2\u05d9\u05e0\u05d3\u05d9\",\"alternateName\":\"\u05d2\u05d9\u05e0\u05d3\u05d9 TLV | \u05d2\u05d9\u05e0\u05d3\u05d9 \u05ea\u05dc \u05d0\u05d1\u05d9\u05d1 | \u05e7\u05d1\u05d5\u05e6\u05ea \u05d2\u05d9\u05e0\u05d3\u05d9\",\"url\":\"https:\\\/\\\/gindi.com\\\/fr\\\/\",\"logo\":{\"@type\":\"ImageObject\",\"inLanguage\":\"fr-FR\",\"@id\":\"https:\\\/\\\/gindi.com\\\/fr\\\/#\\\/schema\\\/logo\\\/image\\\/\",\"url\":\"https:\\\/\\\/gindi.com\\\/wp-content\\\/uploads\\\/2019\\\/06\\\/cropped-gindi-fav.jpg\",\"contentUrl\":\"https:\\\/\\\/gindi.com\\\/wp-content\\\/uploads\\\/2019\\\/06\\\/cropped-gindi-fav.jpg\",\"width\":512,\"height\":512,\"caption\":\"\u05d2\u05d9\u05e0\u05d3\u05d9 TLV | \u05d2\u05d9\u05e0\u05d3\u05d9 \u05ea\u05dc \u05d0\u05d1\u05d9\u05d1 | \u05e7\u05d1\u05d5\u05e6\u05ea \u05d2\u05d9\u05e0\u05d3\u05d9\"},\"image\":{\"@id\":\"https:\\\/\\\/gindi.com\\\/fr\\\/#\\\/schema\\\/logo\\\/image\\\/\"},\"sameAs\":[\"https:\\\/\\\/www.facebook.com\\\/Gindi.Tel.Aviv\"]}]}<\/script>\n<!-- \/ Yoast SEO plugin. -->","yoast_head_json":{"title":"Gindi TLV - \u00c0 propos de la communaut\u00e9","description":"Ici, vous pouvez lire tout ce qui rend la communaut\u00e9 Gindi TLV sp\u00e9ciale : \u00e9v\u00e9nements communautaires, services pour les membres de la communaut\u00e9 et bien plus encore. Venez lire maintenant !","robots":{"index":"index","follow":"follow","max-snippet":"max-snippet:-1","max-image-preview":"max-image-preview:large","max-video-preview":"max-video-preview:-1"},"canonical":"https:\/\/gindi.com\/fr\/community\/","og_locale":"fr_FR","og_type":"article","og_title":"Gindi TLV - \u00c0 propos de la communaut\u00e9","og_description":"Ici, vous pouvez lire tout ce qui rend la communaut\u00e9 Gindi TLV sp\u00e9ciale : \u00e9v\u00e9nements communautaires, services pour les membres de la communaut\u00e9 et bien plus encore. Venez lire maintenant !","og_url":"https:\/\/gindi.com\/fr\/community\/","og_site_name":"\u05d2\u05d9\u05e0\u05d3\u05d9 TLV","article_publisher":"https:\/\/www.facebook.com\/Gindi.Tel.Aviv","article_modified_time":"2024-12-29T14:45:03+00:00","twitter_card":"summary_large_image","schema":{"@context":"https:\/\/schema.org","@graph":[{"@type":"WebPage","@id":"https:\/\/gindi.com\/fr\/community\/","url":"https:\/\/gindi.com\/fr\/community\/","name":"Gindi TLV - \u00c0 propos de la communaut\u00e9","isPartOf":{"@id":"https:\/\/gindi.com\/fr\/#website"},"datePublished":"2019-06-23T15:40:08+00:00","dateModified":"2024-12-29T14:45:03+00:00","description":"Ici, vous pouvez lire tout ce qui rend la communaut\u00e9 Gindi TLV sp\u00e9ciale : \u00e9v\u00e9nements communautaires, services pour les membres de la communaut\u00e9 et bien plus encore. Venez lire maintenant !","breadcrumb":{"@id":"https:\/\/gindi.com\/fr\/community\/#breadcrumb"},"inLanguage":"fr-FR","potentialAction":[{"@type":"ReadAction","target":["https:\/\/gindi.com\/fr\/community\/"]}]},{"@type":"BreadcrumbList","@id":"https:\/\/gindi.com\/fr\/community\/#breadcrumb","itemListElement":[{"@type":"ListItem","position":1,"name":"\u05d3\u05e3 \u05d4\u05d1\u05d9\u05ea","item":"https:\/\/gindi.com\/fr\/"},{"@type":"ListItem","position":2,"name":"\u05d4\u05e7\u05d4\u05d9\u05dc\u05d4"}]},{"@type":"WebSite","@id":"https:\/\/gindi.com\/fr\/#website","url":"https:\/\/gindi.com\/fr\/","name":"\u05d2\u05d9\u05e0\u05d3\u05d9 TLV","description":"\u05d7\u05d1\u05e8\u05ea \u05e0\u05d3\u05dc\u05f4\u05df | \u05d7\u05d5\u05d5\u05d9\u05ea \u05de\u05d2\u05d5\u05e8\u05d9\u05dd | \u05e9\u05d9\u05d5\u05d5\u05e7 \u05d5\u05e0\u05d9\u05d4\u05d5\u05dc \u05e4\u05e8\u05d5\u05d9\u05e7\u05d8\u05d9\u05dd | \u05e2\u05d5\u05dc\u05dd \u05d4\u05e0\u05d3\u05dc\u05f4\u05df","publisher":{"@id":"https:\/\/gindi.com\/fr\/#organization"},"potentialAction":[{"@type":"SearchAction","target":{"@type":"EntryPoint","urlTemplate":"https:\/\/gindi.com\/fr\/?s={search_term_string}"},"query-input":{"@type":"PropertyValueSpecification","valueRequired":true,"valueName":"search_term_string"}}],"inLanguage":"fr-FR"},{"@type":"Organization","@id":"https:\/\/gindi.com\/fr\/#organization","name":"\u05d2\u05d9\u05e0\u05d3\u05d9 TLV | \u05d2\u05d9\u05e0\u05d3\u05d9 \u05ea\u05dc \u05d0\u05d1\u05d9\u05d1 | \u05e7\u05d1\u05d5\u05e6\u05ea \u05d2\u05d9\u05e0\u05d3\u05d9","alternateName":"\u05d2\u05d9\u05e0\u05d3\u05d9 TLV | \u05d2\u05d9\u05e0\u05d3\u05d9 \u05ea\u05dc \u05d0\u05d1\u05d9\u05d1 | \u05e7\u05d1\u05d5\u05e6\u05ea \u05d2\u05d9\u05e0\u05d3\u05d9","url":"https:\/\/gindi.com\/fr\/","logo":{"@type":"ImageObject","inLanguage":"fr-FR","@id":"https:\/\/gindi.com\/fr\/#\/schema\/logo\/image\/","url":"https:\/\/gindi.com\/wp-content\/uploads\/2019\/06\/cropped-gindi-fav.jpg","contentUrl":"https:\/\/gindi.com\/wp-content\/uploads\/2019\/06\/cropped-gindi-fav.jpg","width":512,"height":512,"caption":"\u05d2\u05d9\u05e0\u05d3\u05d9 TLV | \u05d2\u05d9\u05e0\u05d3\u05d9 \u05ea\u05dc \u05d0\u05d1\u05d9\u05d1 | \u05e7\u05d1\u05d5\u05e6\u05ea \u05d2\u05d9\u05e0\u05d3\u05d9"},"image":{"@id":"https:\/\/gindi.com\/fr\/#\/schema\/logo\/image\/"},"sameAs":["https:\/\/www.facebook.com\/Gindi.Tel.Aviv"]}]}},"_links":{"self":[{"href":"https:\/\/gindi.com\/fr\/wp-json\/wp\/v2\/pages\/893","targetHints":{"allow":["GET"]}}],"collection":[{"href":"https:\/\/gindi.com\/fr\/wp-json\/wp\/v2\/pages"}],"about":[{"href":"https:\/\/gindi.com\/fr\/wp-json\/wp\/v2\/types\/page"}],"author":[{"embeddable":true,"href":"https:\/\/gindi.com\/fr\/wp-json\/wp\/v2\/users\/1"}],"replies":[{"embeddable":true,"href":"https:\/\/gindi.com\/fr\/wp-json\/wp\/v2\/comments?post=893"}],"version-history":[{"count":0,"href":"https:\/\/gindi.com\/fr\/wp-json\/wp\/v2\/pages\/893\/revisions"}],"wp:attachment":[{"href":"https:\/\/gindi.com\/fr\/wp-json\/wp\/v2\/media?parent=893"}],"curies":[{"name":"wp","href":"https:\/\/api.w.org\/{rel}","templated":true}]}}