{"id":3573,"date":"2024-01-28T20:41:38","date_gmt":"2024-01-28T18:41:38","guid":{"rendered":"https:\/\/gindi.com\/home\/"},"modified":"2024-12-29T16:44:27","modified_gmt":"2024-12-29T14:44:27","slug":"home","status":"publish","type":"page","link":"https:\/\/gindi.com\/fr\/","title":{"rendered":"\u05d1\u05d9\u05ea"},"content":{"rendered":"","protected":false},"excerpt":{"rendered":"","protected":false},"author":1,"featured_media":3205,"parent":0,"menu_order":0,"comment_status":"closed","ping_status":"closed","template":"","meta":{"_acf_changed":false,"inline_featured_image":false,"footnotes":""},"class_list":["post-3573","page","type-page","status-publish","has-post-thumbnail","hentry"],"acf":[],"yoast_head":"<!-- This site is optimized with the Yoast SEO plugin v27.3 - https:\/\/yoast.com\/product\/yoast-seo-wordpress\/ -->\n<title>Gindi TLV | Gindi Tel Aviv, la premi\u00e8re soci\u00e9t\u00e9 immobili\u00e8re en Isra\u00ebl<\/title>\n<meta name=\"description\" content=\"Gindi TLV cr\u00e9e la combinaison parfaite entre un appartement confortable et bien con\u00e7u dans une tour r\u00e9sidentielle spectaculaire \u00e0 Tel Aviv et une vie compl\u00e8te et bien remplie au c\u0153ur de la zone urbaine.\" \/>\n<meta name=\"robots\" content=\"index, follow, max-snippet:-1, max-image-preview:large, max-video-preview:-1\" \/>\n<link rel=\"canonical\" href=\"https:\/\/gindi.com\/fr\/\" \/>\n<meta property=\"og:locale\" content=\"fr_FR\" \/>\n<meta property=\"og:type\" content=\"article\" \/>\n<meta property=\"og:title\" content=\"Gindi TLV | Gindi Tel Aviv, la premi\u00e8re soci\u00e9t\u00e9 immobili\u00e8re en Isra\u00ebl\" \/>\n<meta property=\"og:description\" content=\"Gindi TLV cr\u00e9e la combinaison parfaite entre un appartement confortable et bien con\u00e7u dans une tour r\u00e9sidentielle spectaculaire \u00e0 Tel Aviv et une vie compl\u00e8te et bien remplie au c\u0153ur de la zone urbaine.\" \/>\n<meta property=\"og:url\" content=\"https:\/\/gindi.com\/fr\/\" \/>\n<meta property=\"og:site_name\" content=\"\u05d2\u05d9\u05e0\u05d3\u05d9 TLV\" \/>\n<meta property=\"article:publisher\" content=\"https:\/\/www.facebook.com\/Gindi.Tel.Aviv\" \/>\n<meta property=\"article:modified_time\" content=\"2024-12-29T14:44:27+00:00\" \/>\n<meta property=\"og:image\" content=\"https:\/\/gindi.com\/wp-content\/uploads\/2019\/06\/cropped-gindi-fav.jpg\" \/>\n\t<meta property=\"og:image:width\" content=\"512\" \/>\n\t<meta property=\"og:image:height\" content=\"512\" \/>\n\t<meta property=\"og:image:type\" content=\"image\/jpeg\" \/>\n<meta name=\"twitter:card\" content=\"summary_large_image\" \/>\n<meta name=\"twitter:label1\" content=\"Dur\u00e9e de lecture estim\u00e9e\" \/>\n\t<meta name=\"twitter:data1\" content=\"1 minute\" \/>\n<script type=\"application\/ld+json\" class=\"yoast-schema-graph\">{\"@context\":\"https:\\\/\\\/schema.org\",\"@graph\":[{\"@type\":\"WebPage\",\"@id\":\"https:\\\/\\\/gindi.com\\\/fr\\\/\",\"url\":\"https:\\\/\\\/gindi.com\\\/fr\\\/\",\"name\":\"Gindi TLV | Gindi Tel Aviv, la premi\u00e8re soci\u00e9t\u00e9 immobili\u00e8re en Isra\u00ebl\",\"isPartOf\":{\"@id\":\"https:\\\/\\\/gindi.com\\\/fr\\\/#website\"},\"primaryImageOfPage\":{\"@id\":\"https:\\\/\\\/gindi.com\\\/fr\\\/#primaryimage\"},\"image\":{\"@id\":\"https:\\\/\\\/gindi.com\\\/fr\\\/#primaryimage\"},\"thumbnailUrl\":\"https:\\\/\\\/gindi.com\\\/wp-content\\\/uploads\\\/2019\\\/06\\\/cropped-gindi-fav.jpg\",\"datePublished\":\"2024-01-28T18:41:38+00:00\",\"dateModified\":\"2024-12-29T14:44:27+00:00\",\"description\":\"Gindi TLV cr\u00e9e la combinaison parfaite entre un appartement confortable et bien con\u00e7u dans une tour r\u00e9sidentielle spectaculaire \u00e0 Tel Aviv et une vie compl\u00e8te et bien remplie au c\u0153ur de la zone urbaine.\",\"breadcrumb\":{\"@id\":\"https:\\\/\\\/gindi.com\\\/fr\\\/#breadcrumb\"},\"inLanguage\":\"fr-FR\",\"potentialAction\":[{\"@type\":\"ReadAction\",\"target\":[\"https:\\\/\\\/gindi.com\\\/fr\\\/\"]}]},{\"@type\":\"ImageObject\",\"inLanguage\":\"fr-FR\",\"@id\":\"https:\\\/\\\/gindi.com\\\/fr\\\/#primaryimage\",\"url\":\"https:\\\/\\\/gindi.com\\\/wp-content\\\/uploads\\\/2019\\\/06\\\/cropped-gindi-fav.jpg\",\"contentUrl\":\"https:\\\/\\\/gindi.com\\\/wp-content\\\/uploads\\\/2019\\\/06\\\/cropped-gindi-fav.jpg\",\"width\":512,\"height\":512,\"caption\":\"\u05d2\u05d9\u05e0\u05d3\u05d9 TLV | \u05d7\u05d1\u05e8\u05ea \u05e0\u05d3\u05dc\u05f4\u05df | \u05d7\u05d5\u05d5\u05d9\u05ea \u05de\u05d2\u05d5\u05e8\u05d9\u05dd | \u05e9\u05d9\u05d5\u05d5\u05e7 \u05d5\u05e0\u05d9\u05d4\u05d5\u05dc \u05e4\u05e8\u05d5\u05d9\u05e7\u05d8\u05d9\u05dd | \u05e2\u05d5\u05dc\u05dd \u05d4\u05e0\u05d3\u05dc\u05f4\u05df\"},{\"@type\":\"BreadcrumbList\",\"@id\":\"https:\\\/\\\/gindi.com\\\/fr\\\/#breadcrumb\",\"itemListElement\":[{\"@type\":\"ListItem\",\"position\":1,\"name\":\"\u05d3\u05e3 \u05d4\u05d1\u05d9\u05ea\",\"item\":\"https:\\\/\\\/gindi.com\\\/fr\\\/\"},{\"@type\":\"ListItem\",\"position\":2,\"name\":\"\u05d1\u05d9\u05ea\"}]},{\"@type\":\"WebSite\",\"@id\":\"https:\\\/\\\/gindi.com\\\/fr\\\/#website\",\"url\":\"https:\\\/\\\/gindi.com\\\/fr\\\/\",\"name\":\"\u05d2\u05d9\u05e0\u05d3\u05d9 TLV\",\"description\":\"\u05d7\u05d1\u05e8\u05ea \u05e0\u05d3\u05dc\u05f4\u05df | \u05d7\u05d5\u05d5\u05d9\u05ea \u05de\u05d2\u05d5\u05e8\u05d9\u05dd | \u05e9\u05d9\u05d5\u05d5\u05e7 \u05d5\u05e0\u05d9\u05d4\u05d5\u05dc \u05e4\u05e8\u05d5\u05d9\u05e7\u05d8\u05d9\u05dd | \u05e2\u05d5\u05dc\u05dd \u05d4\u05e0\u05d3\u05dc\u05f4\u05df\",\"publisher\":{\"@id\":\"https:\\\/\\\/gindi.com\\\/fr\\\/#organization\"},\"potentialAction\":[{\"@type\":\"SearchAction\",\"target\":{\"@type\":\"EntryPoint\",\"urlTemplate\":\"https:\\\/\\\/gindi.com\\\/fr\\\/?s={search_term_string}\"},\"query-input\":{\"@type\":\"PropertyValueSpecification\",\"valueRequired\":true,\"valueName\":\"search_term_string\"}}],\"inLanguage\":\"fr-FR\"},{\"@type\":\"Organization\",\"@id\":\"https:\\\/\\\/gindi.com\\\/fr\\\/#organization\",\"name\":\"\u05d2\u05d9\u05e0\u05d3\u05d9 TLV | \u05d2\u05d9\u05e0\u05d3\u05d9 \u05ea\u05dc \u05d0\u05d1\u05d9\u05d1 | \u05e7\u05d1\u05d5\u05e6\u05ea \u05d2\u05d9\u05e0\u05d3\u05d9\",\"alternateName\":\"\u05d2\u05d9\u05e0\u05d3\u05d9 TLV | \u05d2\u05d9\u05e0\u05d3\u05d9 \u05ea\u05dc \u05d0\u05d1\u05d9\u05d1 | \u05e7\u05d1\u05d5\u05e6\u05ea \u05d2\u05d9\u05e0\u05d3\u05d9\",\"url\":\"https:\\\/\\\/gindi.com\\\/fr\\\/\",\"logo\":{\"@type\":\"ImageObject\",\"inLanguage\":\"fr-FR\",\"@id\":\"https:\\\/\\\/gindi.com\\\/fr\\\/#\\\/schema\\\/logo\\\/image\\\/\",\"url\":\"https:\\\/\\\/gindi.com\\\/wp-content\\\/uploads\\\/2019\\\/06\\\/cropped-gindi-fav.jpg\",\"contentUrl\":\"https:\\\/\\\/gindi.com\\\/wp-content\\\/uploads\\\/2019\\\/06\\\/cropped-gindi-fav.jpg\",\"width\":512,\"height\":512,\"caption\":\"\u05d2\u05d9\u05e0\u05d3\u05d9 TLV | \u05d2\u05d9\u05e0\u05d3\u05d9 \u05ea\u05dc \u05d0\u05d1\u05d9\u05d1 | \u05e7\u05d1\u05d5\u05e6\u05ea \u05d2\u05d9\u05e0\u05d3\u05d9\"},\"image\":{\"@id\":\"https:\\\/\\\/gindi.com\\\/fr\\\/#\\\/schema\\\/logo\\\/image\\\/\"},\"sameAs\":[\"https:\\\/\\\/www.facebook.com\\\/Gindi.Tel.Aviv\"]}]}<\/script>\n<!-- \/ Yoast SEO plugin. -->","yoast_head_json":{"title":"Gindi TLV | Gindi Tel Aviv, la premi\u00e8re soci\u00e9t\u00e9 immobili\u00e8re en Isra\u00ebl","description":"Gindi TLV cr\u00e9e la combinaison parfaite entre un appartement confortable et bien con\u00e7u dans une tour r\u00e9sidentielle spectaculaire \u00e0 Tel Aviv et une vie compl\u00e8te et bien remplie au c\u0153ur de la zone urbaine.","robots":{"index":"index","follow":"follow","max-snippet":"max-snippet:-1","max-image-preview":"max-image-preview:large","max-video-preview":"max-video-preview:-1"},"canonical":"https:\/\/gindi.com\/fr\/","og_locale":"fr_FR","og_type":"article","og_title":"Gindi TLV | Gindi Tel Aviv, la premi\u00e8re soci\u00e9t\u00e9 immobili\u00e8re en Isra\u00ebl","og_description":"Gindi TLV cr\u00e9e la combinaison parfaite entre un appartement confortable et bien con\u00e7u dans une tour r\u00e9sidentielle spectaculaire \u00e0 Tel Aviv et une vie compl\u00e8te et bien remplie au c\u0153ur de la zone urbaine.","og_url":"https:\/\/gindi.com\/fr\/","og_site_name":"\u05d2\u05d9\u05e0\u05d3\u05d9 TLV","article_publisher":"https:\/\/www.facebook.com\/Gindi.Tel.Aviv","article_modified_time":"2024-12-29T14:44:27+00:00","og_image":[{"width":512,"height":512,"url":"https:\/\/gindi.com\/wp-content\/uploads\/2019\/06\/cropped-gindi-fav.jpg","type":"image\/jpeg"}],"twitter_card":"summary_large_image","twitter_misc":{"Dur\u00e9e de lecture estim\u00e9e":"1 minute"},"schema":{"@context":"https:\/\/schema.org","@graph":[{"@type":"WebPage","@id":"https:\/\/gindi.com\/fr\/","url":"https:\/\/gindi.com\/fr\/","name":"Gindi TLV | Gindi Tel Aviv, la premi\u00e8re soci\u00e9t\u00e9 immobili\u00e8re en Isra\u00ebl","isPartOf":{"@id":"https:\/\/gindi.com\/fr\/#website"},"primaryImageOfPage":{"@id":"https:\/\/gindi.com\/fr\/#primaryimage"},"image":{"@id":"https:\/\/gindi.com\/fr\/#primaryimage"},"thumbnailUrl":"https:\/\/gindi.com\/wp-content\/uploads\/2019\/06\/cropped-gindi-fav.jpg","datePublished":"2024-01-28T18:41:38+00:00","dateModified":"2024-12-29T14:44:27+00:00","description":"Gindi TLV cr\u00e9e la combinaison parfaite entre un appartement confortable et bien con\u00e7u dans une tour r\u00e9sidentielle spectaculaire \u00e0 Tel Aviv et une vie compl\u00e8te et bien remplie au c\u0153ur de la zone urbaine.","breadcrumb":{"@id":"https:\/\/gindi.com\/fr\/#breadcrumb"},"inLanguage":"fr-FR","potentialAction":[{"@type":"ReadAction","target":["https:\/\/gindi.com\/fr\/"]}]},{"@type":"ImageObject","inLanguage":"fr-FR","@id":"https:\/\/gindi.com\/fr\/#primaryimage","url":"https:\/\/gindi.com\/wp-content\/uploads\/2019\/06\/cropped-gindi-fav.jpg","contentUrl":"https:\/\/gindi.com\/wp-content\/uploads\/2019\/06\/cropped-gindi-fav.jpg","width":512,"height":512,"caption":"\u05d2\u05d9\u05e0\u05d3\u05d9 TLV | \u05d7\u05d1\u05e8\u05ea \u05e0\u05d3\u05dc\u05f4\u05df | \u05d7\u05d5\u05d5\u05d9\u05ea \u05de\u05d2\u05d5\u05e8\u05d9\u05dd | \u05e9\u05d9\u05d5\u05d5\u05e7 \u05d5\u05e0\u05d9\u05d4\u05d5\u05dc \u05e4\u05e8\u05d5\u05d9\u05e7\u05d8\u05d9\u05dd | \u05e2\u05d5\u05dc\u05dd \u05d4\u05e0\u05d3\u05dc\u05f4\u05df"},{"@type":"BreadcrumbList","@id":"https:\/\/gindi.com\/fr\/#breadcrumb","itemListElement":[{"@type":"ListItem","position":1,"name":"\u05d3\u05e3 \u05d4\u05d1\u05d9\u05ea","item":"https:\/\/gindi.com\/fr\/"},{"@type":"ListItem","position":2,"name":"\u05d1\u05d9\u05ea"}]},{"@type":"WebSite","@id":"https:\/\/gindi.com\/fr\/#website","url":"https:\/\/gindi.com\/fr\/","name":"\u05d2\u05d9\u05e0\u05d3\u05d9 TLV","description":"\u05d7\u05d1\u05e8\u05ea \u05e0\u05d3\u05dc\u05f4\u05df | \u05d7\u05d5\u05d5\u05d9\u05ea \u05de\u05d2\u05d5\u05e8\u05d9\u05dd | \u05e9\u05d9\u05d5\u05d5\u05e7 \u05d5\u05e0\u05d9\u05d4\u05d5\u05dc \u05e4\u05e8\u05d5\u05d9\u05e7\u05d8\u05d9\u05dd | \u05e2\u05d5\u05dc\u05dd \u05d4\u05e0\u05d3\u05dc\u05f4\u05df","publisher":{"@id":"https:\/\/gindi.com\/fr\/#organization"},"potentialAction":[{"@type":"SearchAction","target":{"@type":"EntryPoint","urlTemplate":"https:\/\/gindi.com\/fr\/?s={search_term_string}"},"query-input":{"@type":"PropertyValueSpecification","valueRequired":true,"valueName":"search_term_string"}}],"inLanguage":"fr-FR"},{"@type":"Organization","@id":"https:\/\/gindi.com\/fr\/#organization","name":"\u05d2\u05d9\u05e0\u05d3\u05d9 TLV | \u05d2\u05d9\u05e0\u05d3\u05d9 \u05ea\u05dc \u05d0\u05d1\u05d9\u05d1 | \u05e7\u05d1\u05d5\u05e6\u05ea \u05d2\u05d9\u05e0\u05d3\u05d9","alternateName":"\u05d2\u05d9\u05e0\u05d3\u05d9 TLV | \u05d2\u05d9\u05e0\u05d3\u05d9 \u05ea\u05dc \u05d0\u05d1\u05d9\u05d1 | \u05e7\u05d1\u05d5\u05e6\u05ea \u05d2\u05d9\u05e0\u05d3\u05d9","url":"https:\/\/gindi.com\/fr\/","logo":{"@type":"ImageObject","inLanguage":"fr-FR","@id":"https:\/\/gindi.com\/fr\/#\/schema\/logo\/image\/","url":"https:\/\/gindi.com\/wp-content\/uploads\/2019\/06\/cropped-gindi-fav.jpg","contentUrl":"https:\/\/gindi.com\/wp-content\/uploads\/2019\/06\/cropped-gindi-fav.jpg","width":512,"height":512,"caption":"\u05d2\u05d9\u05e0\u05d3\u05d9 TLV | \u05d2\u05d9\u05e0\u05d3\u05d9 \u05ea\u05dc \u05d0\u05d1\u05d9\u05d1 | \u05e7\u05d1\u05d5\u05e6\u05ea \u05d2\u05d9\u05e0\u05d3\u05d9"},"image":{"@id":"https:\/\/gindi.com\/fr\/#\/schema\/logo\/image\/"},"sameAs":["https:\/\/www.facebook.com\/Gindi.Tel.Aviv"]}]}},"_links":{"self":[{"href":"https:\/\/gindi.com\/fr\/wp-json\/wp\/v2\/pages\/3573","targetHints":{"allow":["GET"]}}],"collection":[{"href":"https:\/\/gindi.com\/fr\/wp-json\/wp\/v2\/pages"}],"about":[{"href":"https:\/\/gindi.com\/fr\/wp-json\/wp\/v2\/types\/page"}],"author":[{"embeddable":true,"href":"https:\/\/gindi.com\/fr\/wp-json\/wp\/v2\/users\/1"}],"replies":[{"embeddable":true,"href":"https:\/\/gindi.com\/fr\/wp-json\/wp\/v2\/comments?post=3573"}],"version-history":[{"count":0,"href":"https:\/\/gindi.com\/fr\/wp-json\/wp\/v2\/pages\/3573\/revisions"}],"wp:featuredmedia":[{"embeddable":true,"href":"https:\/\/gindi.com\/fr\/wp-json\/wp\/v2\/media\/3205"}],"wp:attachment":[{"href":"https:\/\/gindi.com\/fr\/wp-json\/wp\/v2\/media?parent=3573"}],"curies":[{"name":"wp","href":"https:\/\/api.w.org\/{rel}","templated":true}]}}